{"id":120,"date":"2023-11-28T21:44:11","date_gmt":"2023-11-28T21:44:11","guid":{"rendered":"https:\/\/www.gegesloewl.com\/?page_id=120"},"modified":"2026-03-11T11:38:06","modified_gmt":"2026-03-11T10:38:06","slug":"about","status":"publish","type":"page","link":"https:\/\/www.gegesloewl.com\/en\/about\/","title":{"rendered":"About"},"content":{"rendered":"<div data-elementor-type=\"wp-page\" data-elementor-id=\"120\" class=\"elementor elementor-120\" data-elementor-post-type=\"page\">\n\t\t\t\t<div class=\"elementor-element elementor-element-4585f9c e-flex e-con-boxed e-con e-parent\" data-id=\"4585f9c\" data-element_type=\"container\" data-e-type=\"container\">\n\t\t\t\t\t<div class=\"e-con-inner\">\n\t\t<div class=\"elementor-element elementor-element-be18523 e-con-full e-flex e-con e-child\" data-id=\"be18523\" data-element_type=\"container\" data-e-type=\"container\">\n\t\t\t\t<div class=\"elementor-element elementor-element-60f5ab9 elementor-widget elementor-widget-heading\" data-id=\"60f5ab9\" data-element_type=\"widget\" data-e-type=\"widget\" data-widget_type=\"heading.default\">\n\t\t\t\t<div class=\"elementor-widget-container\">\n\t\t\t\t\t<h1 class=\"elementor-heading-title elementor-size-default\">About me<\/h1>\t\t\t\t<\/div>\n\t\t\t\t<\/div>\n\t\t\t\t<\/div>\n\t\t<div class=\"elementor-element elementor-element-5d3094b e-con-full e-flex e-con e-child\" data-id=\"5d3094b\" data-element_type=\"container\" data-e-type=\"container\">\n\t\t\t\t<div class=\"elementor-element elementor-element-7e3c0ea elementor-widget elementor-widget-text-editor\" data-id=\"7e3c0ea\" data-element_type=\"widget\" data-e-type=\"widget\" data-widget_type=\"text-editor.default\">\n\t\t\t\t<div class=\"elementor-widget-container\">\n\t\t\t\t\t\t\t\t\t<p>Geges L\u00f6wl &#8211; Portraitfotografie<\/p>\t\t\t\t\t\t\t\t<\/div>\n\t\t\t\t<\/div>\n\t\t\t\t<\/div>\n\t\t<div class=\"elementor-element elementor-element-fff276c e-con-full e-flex e-con e-child\" data-id=\"fff276c\" data-element_type=\"container\" data-e-type=\"container\">\n\t\t\t\t<div class=\"elementor-element elementor-element-db30e60 elementor-widget elementor-widget-image\" data-id=\"db30e60\" data-element_type=\"widget\" data-e-type=\"widget\" data-widget_type=\"image.default\">\n\t\t\t\t<div class=\"elementor-widget-container\">\n\t\t\t\t\t\t\t\t\t\t\t\t\t\t\t<img fetchpriority=\"high\" decoding=\"async\" width=\"683\" height=\"1024\" src=\"https:\/\/www.gegesloewl.com\/wp-content\/uploads\/2026\/03\/Geges-683x1024.jpg\" class=\"attachment-large size-large wp-image-1739\" alt=\"Geges L\u00f6wl - Portraitfotografie\" srcset=\"https:\/\/www.gegesloewl.com\/wp-content\/uploads\/2026\/03\/Geges-683x1024.jpg 683w, https:\/\/www.gegesloewl.com\/wp-content\/uploads\/2026\/03\/Geges-200x300.jpg 200w, https:\/\/www.gegesloewl.com\/wp-content\/uploads\/2026\/03\/Geges-768x1151.jpg 768w, https:\/\/www.gegesloewl.com\/wp-content\/uploads\/2026\/03\/Geges-8x12.jpg 8w, https:\/\/www.gegesloewl.com\/wp-content\/uploads\/2026\/03\/Geges-500x749.jpg 500w, https:\/\/www.gegesloewl.com\/wp-content\/uploads\/2026\/03\/Geges-800x1199.jpg 800w, https:\/\/www.gegesloewl.com\/wp-content\/uploads\/2026\/03\/Geges.jpg 854w\" sizes=\"(max-width: 683px) 100vw, 683px\" \/>\t\t\t\t\t\t\t\t\t\t\t\t\t\t\t<\/div>\n\t\t\t\t<\/div>\n\t\t\t\t<\/div>\n\t\t<div class=\"elementor-element elementor-element-4cbdb4f e-con-full e-flex e-con e-child\" data-id=\"4cbdb4f\" data-element_type=\"container\" data-e-type=\"container\">\n\t\t\t\t<div class=\"elementor-element elementor-element-c72265d elementor-widget elementor-widget-text-editor\" data-id=\"c72265d\" data-element_type=\"widget\" data-e-type=\"widget\" data-widget_type=\"text-editor.default\">\n\t\t\t\t<div class=\"elementor-widget-container\">\n\t\t\t\t\t\t\t\t\t<p>Meine Liebe zur Fotografie begann bereits\u00a0in meiner Jugend zu brennen und hat mich durch die letzten Jahrzehnte auf ihrem Weg von analog nach digital &#8211; \u00fcber die Dunkelkammer in den Lightroom &#8211; stets begleitet.<\/p><p>Urspr\u00fcnglich habe ich Deutsche Literatur und Physik studiert, war dann als Gitarrist mit meiner Band unterwegs und interessierte mich schon immer f\u00fcr den Werdegang der Menschheit und die Philosophie im Alltag.<\/p><p>Haupts\u00e4chlich verdiene ich meinen Lebensunterhalt damit, junge Menschen als Lehrer der Sekundarstufe I dabei zu unterst\u00fctzen, zu kritischen, hinterfragenden und m\u00fcndigen B\u00fcrgern zu werden.<\/p><p>Sensitive, curious, sometimes cheeky and definitely brash - that is indeed what I am. I want to portray personalities, capture characters and utilise my deep understanding of the nature of human beings: That is my photographic ambition.<\/p><p>I grew up in Swabian southern Germany, spent many years in Munich, have two sons and have lived in Switzerland since 2014. In addition to photography, I am passionate about the craft of brewing beer, being outdoors in nature, literature and almost any kind of music - but my favourite is jazz.<\/p>\t\t\t\t\t\t\t\t<\/div>\n\t\t\t\t<\/div>\n\t\t\t\t<\/div>\n\t\t\t\t\t<\/div>\n\t\t\t\t<\/div>\n\t\t<div class=\"elementor-element elementor-element-d9308e6 e-flex e-con-boxed e-con e-parent\" data-id=\"d9308e6\" data-element_type=\"container\" data-e-type=\"container\">\n\t\t\t\t\t<div class=\"e-con-inner\">\n\t\t<div class=\"elementor-element elementor-element-7fcc71b e-flex e-con-boxed e-con e-child\" data-id=\"7fcc71b\" data-element_type=\"container\" data-e-type=\"container\">\n\t\t\t\t\t<div class=\"e-con-inner\">\n\t\t\t\t<div class=\"elementor-element elementor-element-99e754d elementor-widget-divider--view-line elementor-widget elementor-widget-divider\" data-id=\"99e754d\" data-element_type=\"widget\" data-e-type=\"widget\" data-widget_type=\"divider.default\">\n\t\t\t\t<div class=\"elementor-widget-container\">\n\t\t\t\t\t\t\t<div class=\"elementor-divider\">\n\t\t\t<span class=\"elementor-divider-separator\">\n\t\t\t\t\t\t<\/span>\n\t\t<\/div>\n\t\t\t\t\t\t<\/div>\n\t\t\t\t<\/div>\n\t\t\t\t<div class=\"elementor-element elementor-element-5a76184 elementor-widget__width-initial elementor-widget elementor-widget-text-editor\" data-id=\"5a76184\" data-element_type=\"widget\" data-e-type=\"widget\" data-widget_type=\"text-editor.default\">\n\t\t\t\t<div class=\"elementor-widget-container\">\n\t\t\t\t\t\t\t\t\t<p>In my work with people and their portraits, I rely on the perfection of these traditional manufacturers and dealers of outstanding photographic tools:<\/p>\t\t\t\t\t\t\t\t<\/div>\n\t\t\t\t<\/div>\n\t\t<div class=\"elementor-element elementor-element-d70fd77 e-grid e-con-boxed e-con e-child\" data-id=\"d70fd77\" data-element_type=\"container\" data-e-type=\"container\">\n\t\t\t\t\t<div class=\"e-con-inner\">\n\t\t\t\t<div class=\"elementor-element elementor-element-7659e26 elementor-widget elementor-widget-image\" data-id=\"7659e26\" data-element_type=\"widget\" data-e-type=\"widget\" data-widget_type=\"image.default\">\n\t\t\t\t<div class=\"elementor-widget-container\">\n\t\t\t\t\t\t\t\t\t\t\t\t\t\t\t\t<a href=\"https:\/\/profoto.com\/de\" target=\"_blank\">\n\t\t\t\t\t\t\t<img decoding=\"async\" width=\"800\" height=\"200\" src=\"https:\/\/www.gegesloewl.com\/wp-content\/uploads\/2024\/01\/Logo-Profoto-1.webp\" class=\"attachment-large size-large wp-image-1188\" alt=\"\" srcset=\"https:\/\/www.gegesloewl.com\/wp-content\/uploads\/2024\/01\/Logo-Profoto-1.webp 1000w, https:\/\/www.gegesloewl.com\/wp-content\/uploads\/2024\/01\/Logo-Profoto-1-300x75.png 300w, https:\/\/www.gegesloewl.com\/wp-content\/uploads\/2024\/01\/Logo-Profoto-1-768x192.png 768w\" sizes=\"(max-width: 800px) 100vw, 800px\" \/>\t\t\t\t\t\t\t\t<\/a>\n\t\t\t\t\t\t\t\t\t\t\t\t\t\t\t<\/div>\n\t\t\t\t<\/div>\n\t\t\t\t<div class=\"elementor-element elementor-element-46d6640 elementor-widget elementor-widget-image\" data-id=\"46d6640\" data-element_type=\"widget\" data-e-type=\"widget\" data-widget_type=\"image.default\">\n\t\t\t\t<div class=\"elementor-widget-container\">\n\t\t\t\t\t\t\t\t\t\t\t\t\t\t\t\t<a href=\"https:\/\/leica-camera.com\/de-CH\" target=\"_blank\">\n\t\t\t\t\t\t\t<img decoding=\"async\" width=\"800\" height=\"200\" src=\"https:\/\/www.gegesloewl.com\/wp-content\/uploads\/2024\/01\/Logo-Leica.webp\" class=\"attachment-large size-large wp-image-1169\" alt=\"\" srcset=\"https:\/\/www.gegesloewl.com\/wp-content\/uploads\/2024\/01\/Logo-Leica.webp 1000w, https:\/\/www.gegesloewl.com\/wp-content\/uploads\/2024\/01\/Logo-Leica-300x75.webp 300w, https:\/\/www.gegesloewl.com\/wp-content\/uploads\/2024\/01\/Logo-Leica-768x192.webp 768w\" sizes=\"(max-width: 800px) 100vw, 800px\" \/>\t\t\t\t\t\t\t\t<\/a>\n\t\t\t\t\t\t\t\t\t\t\t\t\t\t\t<\/div>\n\t\t\t\t<\/div>\n\t\t\t\t<div class=\"elementor-element elementor-element-7d351d1 elementor-widget elementor-widget-image\" data-id=\"7d351d1\" data-element_type=\"widget\" data-e-type=\"widget\" data-widget_type=\"image.default\">\n\t\t\t\t<div class=\"elementor-widget-container\">\n\t\t\t\t\t\t\t\t\t\t\t\t\t\t\t\t<a href=\"https:\/\/www.hahnemuehle.com\/en\/index.html\" target=\"_blank\">\n\t\t\t\t\t\t\t<img loading=\"lazy\" decoding=\"async\" width=\"800\" height=\"200\" src=\"https:\/\/www.gegesloewl.com\/wp-content\/uploads\/2024\/01\/Logo-Hahnhemuehle-1.png\" class=\"attachment-large size-large wp-image-1189\" alt=\"\" srcset=\"https:\/\/www.gegesloewl.com\/wp-content\/uploads\/2024\/01\/Logo-Hahnhemuehle-1.png 1000w, https:\/\/www.gegesloewl.com\/wp-content\/uploads\/2024\/01\/Logo-Hahnhemuehle-1-300x75.webp 300w, https:\/\/www.gegesloewl.com\/wp-content\/uploads\/2024\/01\/Logo-Hahnhemuehle-1-768x192.png 768w\" sizes=\"(max-width: 800px) 100vw, 800px\" \/>\t\t\t\t\t\t\t\t<\/a>\n\t\t\t\t\t\t\t\t\t\t\t\t\t\t\t<\/div>\n\t\t\t\t<\/div>\n\t\t\t\t<div class=\"elementor-element elementor-element-4670806 elementor-widget elementor-widget-image\" data-id=\"4670806\" data-element_type=\"widget\" data-e-type=\"widget\" data-widget_type=\"image.default\">\n\t\t\t\t<div class=\"elementor-widget-container\">\n\t\t\t\t\t\t\t\t\t\t\t\t\t\t\t\t<a href=\"https:\/\/www.graphicart.ch\/de\/\" target=\"_blank\">\n\t\t\t\t\t\t\t<img loading=\"lazy\" decoding=\"async\" width=\"800\" height=\"200\" src=\"https:\/\/www.gegesloewl.com\/wp-content\/uploads\/2024\/01\/Logo-GA-1.webp\" class=\"attachment-large size-large wp-image-1190\" alt=\"\" srcset=\"https:\/\/www.gegesloewl.com\/wp-content\/uploads\/2024\/01\/Logo-GA-1.webp 1000w, https:\/\/www.gegesloewl.com\/wp-content\/uploads\/2024\/01\/Logo-GA-1-300x75.webp 300w, https:\/\/www.gegesloewl.com\/wp-content\/uploads\/2024\/01\/Logo-GA-1-768x192.webp 768w\" sizes=\"(max-width: 800px) 100vw, 800px\" \/>\t\t\t\t\t\t\t\t<\/a>\n\t\t\t\t\t\t\t\t\t\t\t\t\t\t\t<\/div>\n\t\t\t\t<\/div>\n\t\t\t\t\t<\/div>\n\t\t\t\t<\/div>\n\t\t\t\t\t<\/div>\n\t\t\t\t<\/div>\n\t\t\t\t<div class=\"elementor-element elementor-element-450a93c elementor-widget elementor-widget-spacer\" data-id=\"450a93c\" data-element_type=\"widget\" data-e-type=\"widget\" data-widget_type=\"spacer.default\">\n\t\t\t\t<div class=\"elementor-widget-container\">\n\t\t\t\t\t\t\t<div class=\"elementor-spacer\">\n\t\t\t<div class=\"elementor-spacer-inner\"><\/div>\n\t\t<\/div>\n\t\t\t\t\t\t<\/div>\n\t\t\t\t<\/div>\n\t\t\t\t\t<\/div>\n\t\t\t\t<\/div>\n\t\t<div class=\"elementor-element elementor-element-ecc9951 e-flex e-con-boxed e-con e-parent\" data-id=\"ecc9951\" data-element_type=\"container\" data-e-type=\"container\">\n\t\t\t\t\t<div class=\"e-con-inner\">\n\t\t\t\t<div class=\"elementor-element elementor-element-8e8ec21 elementor-widget elementor-widget-html\" data-id=\"8e8ec21\" data-element_type=\"widget\" data-e-type=\"widget\" data-widget_type=\"html.default\">\n\t\t\t\t<div class=\"elementor-widget-container\">\n\t\t\t\t\t<meta property=\"og:image\"\ncontent= \"https:\/\/www.gegesloewl.com\/wp-content\/uploads\/2024\/01\/23-12-06-15-26-05-A-01.jpg\" \/>\n<meta property=\"og: description\"\ncontent=\"Individuelle Portraitfotografie - privat oder professionel: Immer Du.\" \/>\n<meta property=\"og: type\" content=\"Website\" \/>\n<meta property=\"og: site_name\"\ncontent=\"Geges L\u00f6wl - Fotografie\" \/>\t\t\t\t<\/div>\n\t\t\t\t<\/div>\n\t\t\t\t\t<\/div>\n\t\t\t\t<\/div>\n\t\t\t\t<\/div>","protected":false},"excerpt":{"rendered":"<p>\u00dcber mich Geges L\u00f6wl &#8211; Portraitfotografie Meine Liebe zur Fotografie begann bereits\u00a0in meiner Jugend zu brennen und hat mich durch die letzten Jahrzehnte auf ihrem Weg von analog nach digital &#8211; \u00fcber die Dunkelkammer in den Lightroom &#8211; stets begleitet. Urspr\u00fcnglich habe ich Deutsche Literatur und Physik studiert, war dann als Gitarrist mit meiner Band [&hellip;]<\/p>\n","protected":false},"author":1,"featured_media":0,"parent":0,"menu_order":0,"comment_status":"closed","ping_status":"closed","template":"","meta":{"_monsterinsights_skip_tracking":false,"_monsterinsights_sitenote_active":false,"_monsterinsights_sitenote_note":"","_monsterinsights_sitenote_category":0,"_vp_format_video_url":"","_vp_image_focal_point":[],"footnotes":""},"class_list":["post-120","page","type-page","status-publish","hentry"],"aioseo_notices":[],"_links":{"self":[{"href":"https:\/\/www.gegesloewl.com\/en\/wp-json\/wp\/v2\/pages\/120","targetHints":{"allow":["GET"]}}],"collection":[{"href":"https:\/\/www.gegesloewl.com\/en\/wp-json\/wp\/v2\/pages"}],"about":[{"href":"https:\/\/www.gegesloewl.com\/en\/wp-json\/wp\/v2\/types\/page"}],"author":[{"embeddable":true,"href":"https:\/\/www.gegesloewl.com\/en\/wp-json\/wp\/v2\/users\/1"}],"replies":[{"embeddable":true,"href":"https:\/\/www.gegesloewl.com\/en\/wp-json\/wp\/v2\/comments?post=120"}],"version-history":[{"count":346,"href":"https:\/\/www.gegesloewl.com\/en\/wp-json\/wp\/v2\/pages\/120\/revisions"}],"predecessor-version":[{"id":1742,"href":"https:\/\/www.gegesloewl.com\/en\/wp-json\/wp\/v2\/pages\/120\/revisions\/1742"}],"wp:attachment":[{"href":"https:\/\/www.gegesloewl.com\/en\/wp-json\/wp\/v2\/media?parent=120"}],"curies":[{"name":"wp","href":"https:\/\/api.w.org\/{rel}","templated":true}]}}